{"id":87,"date":"2019-07-02T13:43:26","date_gmt":"2019-07-02T13:43:26","guid":{"rendered":"https:\/\/www.foccusauditoria.com.br\/?page_id=87"},"modified":"2019-07-24T20:05:17","modified_gmt":"2019-07-24T20:05:17","slug":"home-care","status":"publish","type":"page","link":"https:\/\/www.foccusauditoria.com.br\/index.php\/servicos\/home-care\/","title":{"rendered":"Home Care"},"content":{"rendered":"\n<p>A Foccus Home Care iniciou as atividades na modalidade de atendimento domiciliar em 2014 devido a demanda do mercado se apresentar relevante e com o prop\u00f3sito de promover, manter e\/ou restaurar a sa\u00fade, maximizando o n\u00edvel de independ\u00eancia do cliente\/paciente, que j\u00e1 superou&nbsp; a fase aguda do processo patol\u00f3gico, encontrando-se hemodinamicamente est\u00e1vel, por\u00e9m ainda necessitando de recursos terap\u00eauticos hospitalares.&nbsp;<\/p>\n\n\n\n<p>Nossa Equipe T\u00e9cnica \u00e9 formada por profissionais de diversas modalidades e\/ou especialidades, altamente qualificados e experientes como M\u00e9dicos, Enfermeiros, Psic\u00f3logos, Fonoaudi\u00f3logos, Fisioterapeutas, Nutricionistas, T\u00e9cnicos em enfermagem, entre outros.<\/p>\n\n\n\n<p>Nosso sistema de trabalho conta com amparo 24 horas com total qualidade do atendimento, bem como aten\u00e7\u00e3o, carinho, \u00e9tica e integra\u00e7\u00e3o familiar do benefici\u00e1rio.<\/p>\n\n\n\n<h2 class=\"wp-block-heading\">Oferecemos<\/h2>\n\n\n\n<ul class=\"wp-block-list\"><li>Atendimento m\u00e9dico domiciliar especializado<\/li><li>Sess\u00f5es domiciliares de enfermagem, fisioterapia, fonoaudiologia, entre outros.<\/li><li>Plant\u00f5es de enfermagem 6, 12 e 24 horas.<\/li><li>Tratamento a pacientes ostomizados (portadores de feridas cr\u00f4nicas).<\/li><li>Fornecimento de medicamentos e materiais para suporte de enfermagem.<\/li><li>Mobili\u00e1rios hospitalares para suporte domiciliar (cama hospitalar, cadeira-de-rodas, etc).<\/li><li>Equipamentos hospitalares de alta tecnologia para suporte ao paciente em seu domic\u00edlio (CPAP, BIPAP, respiradores, concentradores de oxig\u00eanio, etc).<\/li><li>Dieta e suplementa\u00e7\u00e3o para aux\u00edlio da nutri\u00e7\u00e3o.<\/li><li>Treinamento paras cuidador, capacitando e orientando familiares ou respons\u00e1veis para a correta manipula\u00e7\u00e3o do paciente.<\/li><li>Equipe especializada em realizar avalia\u00e7\u00f5es de pacientes, podendo ser feitas no domic\u00edlio ou nos hospitais onde se encontre.<\/li><li>Telefones dispon\u00edveis em plant\u00e3o 24 horas.<\/li><li>Atendimento em todo Brasil<\/li><\/ul>\n\n\n\n<p>Nossa miss\u00e3o \u00e9 cuidar da sa\u00fade das pessoas oferecendo solu\u00e7\u00f5es eficientes e precisas com humanidade, carinho, zelo e aten\u00e7\u00e3o, independente de quem seja o cliente e de sua situa\u00e7\u00e3o cl\u00ednica, et\u00e1ria, mental ou outra qualquer.&nbsp;<\/p>\n","protected":false},"excerpt":{"rendered":"<p>Nossa miss\u00e3o \u00e9 cuidar da sa\u00fade das pessoas oferecendo solu\u00e7\u00f5es eficientes e precisas com humanidade, carinho, zelo e aten\u00e7\u00e3o, independente de quem seja o cliente e de sua situa\u00e7\u00e3o cl\u00ednica, et\u00e1ria, mental ou outra qualquer. <\/p>\n","protected":false},"author":1,"featured_media":0,"parent":34,"menu_order":0,"comment_status":"closed","ping_status":"closed","template":"","meta":{"footnotes":""},"class_list":["post-87","page","type-page","status-publish","hentry"],"_links":{"self":[{"href":"https:\/\/www.foccusauditoria.com.br\/index.php\/wp-json\/wp\/v2\/pages\/87","targetHints":{"allow":["GET"]}}],"collection":[{"href":"https:\/\/www.foccusauditoria.com.br\/index.php\/wp-json\/wp\/v2\/pages"}],"about":[{"href":"https:\/\/www.foccusauditoria.com.br\/index.php\/wp-json\/wp\/v2\/types\/page"}],"author":[{"embeddable":true,"href":"https:\/\/www.foccusauditoria.com.br\/index.php\/wp-json\/wp\/v2\/users\/1"}],"replies":[{"embeddable":true,"href":"https:\/\/www.foccusauditoria.com.br\/index.php\/wp-json\/wp\/v2\/comments?post=87"}],"version-history":[{"count":4,"href":"https:\/\/www.foccusauditoria.com.br\/index.php\/wp-json\/wp\/v2\/pages\/87\/revisions"}],"predecessor-version":[{"id":124,"href":"https:\/\/www.foccusauditoria.com.br\/index.php\/wp-json\/wp\/v2\/pages\/87\/revisions\/124"}],"up":[{"embeddable":true,"href":"https:\/\/www.foccusauditoria.com.br\/index.php\/wp-json\/wp\/v2\/pages\/34"}],"wp:attachment":[{"href":"https:\/\/www.foccusauditoria.com.br\/index.php\/wp-json\/wp\/v2\/media?parent=87"}],"curies":[{"name":"wp","href":"https:\/\/api.w.org\/{rel}","templated":true}]}}