{"id":85,"date":"2019-07-02T13:42:53","date_gmt":"2019-07-02T13:42:53","guid":{"rendered":"https:\/\/www.foccusauditoria.com.br\/?page_id=85"},"modified":"2019-08-01T13:33:36","modified_gmt":"2019-08-01T13:33:36","slug":"elaboracao","status":"publish","type":"page","link":"https:\/\/www.foccusauditoria.com.br\/index.php\/servicos\/elaboracao\/","title":{"rendered":"Regula\u00e7\u00e3o M\u00e9dica"},"content":{"rendered":"\n<p>A Ag\u00eancia Nacional de Sa\u00fade Suplementar \u2013 ANS, no uso de suas atribui\u00e7\u00f5es, imp\u00f5e \u00e0s operadoras de Planos de Sa\u00fade o cumprimento das regras definidas nas Resolu\u00e7\u00f5es CONSU n\u00ba 08\/2008, CFMn\u00ba 1.956\/2010 e RN\/ANSn\u00ba 211, atualizada pela RNn\u00ba 262\/2011, para a regula\u00e7\u00e3o m\u00e9dica assistencial, sob o entendimento de que \u201cem n\u00e3o havendo os mecanismos de regula\u00e7\u00e3o&nbsp; existentes, valer\u00e1 aquilo que prescreve o m\u00e9dico assistente\u201d, sem preju\u00edzo da aplica\u00e7\u00e3o de multas e demais penalidades, pelo descumprimento.<\/p>\n\n\n\n<p>Buscando atender a demanda que o mercado da sa\u00fade Suplementar exige, a Foccus oferece uma solu\u00e7\u00e3o completa do conceito de \u201cRegula\u00e7\u00e3o M\u00e9dica\u201d. Atuamos junto ao solicitante do evento, objetivando o alcance dos \u00edndices regulat\u00f3rios desejados nas mais diversas \u00e1reas da medicina, como \u201cgest\u00e3o de medicamentos e materiais de alto custo\u201d, al\u00e9m de outras.<\/p>\n\n\n\n<p>Entre em contato conosco e conhe\u00e7a o nosso grupo de especialistas nas mais diversas \u00e1reas como; Bucomaxilo, Cardiologia intervencionista, Ortopedia e Traumatologia entre outros.<\/p>\n","protected":false},"excerpt":{"rendered":"<p>Buscando atender a demanda que o mercado da sa\u00fade Suplementar exige, a Foccus oferece uma solu\u00e7\u00e3o completa do conceito de \u201cRegula\u00e7\u00e3o M\u00e9dica\u201d. Atuamos junto ao solicitante do evento, objetivando o alcance dos \u00edndices regulat\u00f3rios desejados. <\/p>\n","protected":false},"author":1,"featured_media":0,"parent":34,"menu_order":0,"comment_status":"closed","ping_status":"closed","template":"","meta":{"footnotes":""},"class_list":["post-85","page","type-page","status-publish","hentry"],"_links":{"self":[{"href":"https:\/\/www.foccusauditoria.com.br\/index.php\/wp-json\/wp\/v2\/pages\/85","targetHints":{"allow":["GET"]}}],"collection":[{"href":"https:\/\/www.foccusauditoria.com.br\/index.php\/wp-json\/wp\/v2\/pages"}],"about":[{"href":"https:\/\/www.foccusauditoria.com.br\/index.php\/wp-json\/wp\/v2\/types\/page"}],"author":[{"embeddable":true,"href":"https:\/\/www.foccusauditoria.com.br\/index.php\/wp-json\/wp\/v2\/users\/1"}],"replies":[{"embeddable":true,"href":"https:\/\/www.foccusauditoria.com.br\/index.php\/wp-json\/wp\/v2\/comments?post=85"}],"version-history":[{"count":4,"href":"https:\/\/www.foccusauditoria.com.br\/index.php\/wp-json\/wp\/v2\/pages\/85\/revisions"}],"predecessor-version":[{"id":153,"href":"https:\/\/www.foccusauditoria.com.br\/index.php\/wp-json\/wp\/v2\/pages\/85\/revisions\/153"}],"up":[{"embeddable":true,"href":"https:\/\/www.foccusauditoria.com.br\/index.php\/wp-json\/wp\/v2\/pages\/34"}],"wp:attachment":[{"href":"https:\/\/www.foccusauditoria.com.br\/index.php\/wp-json\/wp\/v2\/media?parent=85"}],"curies":[{"name":"wp","href":"https:\/\/api.w.org\/{rel}","templated":true}]}}