{"id":36,"date":"2019-06-26T18:34:45","date_gmt":"2019-06-26T18:34:45","guid":{"rendered":"https:\/\/www.foccusauditoria.com.br\/?page_id=36"},"modified":"2019-07-24T21:07:48","modified_gmt":"2019-07-24T21:07:48","slug":"auditoria-hospitalar","status":"publish","type":"page","link":"https:\/\/www.foccusauditoria.com.br\/index.php\/servicos\/auditoria-hospitalar\/","title":{"rendered":"Auditoria Hospitalar"},"content":{"rendered":"\n<p>A gest\u00e3o na \u00e1rea de sa\u00fade \u00e9 uma atividade complexa e que requer acompanhamento. Com excel\u00eancia e resultados satisfat\u00f3rios. A Auditoria Hospitalar que a Foccus realiza h\u00e1 mais de 10 anos vem contribuindo para o crescimento e fortalecimento de seus clientes. <\/p>\n\n\n\n<h2 class=\"wp-block-heading\">Oferecemos<\/h2>\n\n\n\n<ul class=\"wp-block-list\"><li>Auditoria de Interna\u00e7\u00f5es Hospitalares \/ Auditoria Concorrente.<\/li><li>An\u00e1lise de Contas de Interna\u00e7\u00e3o \/ Pr\u00e9-An\u00e1lise e P\u00f3s-An\u00e1lise.<\/li><li>An\u00e1lise de Contas de Pronto Socorro.<\/li><li>&nbsp;An\u00e1lise de Contas Ambulatoriais de Alto Custo.&nbsp;<\/li><li>Gerenciamento de Interna\u00e7\u00f5es de Longa Perman\u00eancia.&nbsp;<\/li><li>Auditoria de pacientes em Programa de Interna\u00e7\u00e3o Domiciliar.<\/li><li>Per\u00edcia m\u00e9dica documental ou presencial com emiss\u00e3o de relat\u00f3rio;<\/li><li>An\u00e1lise t\u00e9cnica de conta m\u00e9dico-hospitalar (p\u00f3s auditoria);<\/li><li>An\u00e1lise de recurso de glosas administrativa e t\u00e9cnica;&nbsp;<\/li><li>&nbsp;Visita cl\u00ednica\/hospitalar a pacientes internados (hospital, dayclinic, home care) para prorroga\u00e7\u00e3o, auditoria em contas e an\u00e1lise de prontu\u00e1rio;<\/li><li>Vistorias t\u00e9cnicas para credenciamento de estabelecimentos de sa\u00fade;&nbsp;<\/li><li>Autoriza\u00e7\u00f5es pr\u00e9vias por especialistas nas mais diversas \u00e1reas<\/li><li>&nbsp;Autoriza\u00e7\u00f5es pr\u00e9vias presenciais para procedimentos m\u00e9dicos; exames de diagnose, interna\u00e7\u00e3o hospitalar para tratamento cl\u00ednico ou cir\u00fargico; e admiss\u00e3o\/manuten\u00e7\u00e3o de paciente em home care;<\/li><li>Cota\u00e7\u00e3o de \u00f3rtese, pr\u00f3tese e materiais especiais \u2013 OPME;<\/li><\/ul>\n","protected":false},"excerpt":{"rendered":"<p>A gest\u00e3o na \u00e1rea de sa\u00fade \u00e9 uma atividade complexa e que requer acompanhamento. Com excel\u00eancia e resultados satisfat\u00f3rios. A Auditoria Hospitalar que a Foccus realiza h\u00e1 10 anos vem contribuindo para o crescimento e fortalecimento das empresas que acreditaram e acreditam em nosso potencial. <\/p>\n","protected":false},"author":1,"featured_media":0,"parent":34,"menu_order":0,"comment_status":"closed","ping_status":"closed","template":"","meta":{"footnotes":""},"class_list":["post-36","page","type-page","status-publish","hentry"],"_links":{"self":[{"href":"https:\/\/www.foccusauditoria.com.br\/index.php\/wp-json\/wp\/v2\/pages\/36","targetHints":{"allow":["GET"]}}],"collection":[{"href":"https:\/\/www.foccusauditoria.com.br\/index.php\/wp-json\/wp\/v2\/pages"}],"about":[{"href":"https:\/\/www.foccusauditoria.com.br\/index.php\/wp-json\/wp\/v2\/types\/page"}],"author":[{"embeddable":true,"href":"https:\/\/www.foccusauditoria.com.br\/index.php\/wp-json\/wp\/v2\/users\/1"}],"replies":[{"embeddable":true,"href":"https:\/\/www.foccusauditoria.com.br\/index.php\/wp-json\/wp\/v2\/comments?post=36"}],"version-history":[{"count":8,"href":"https:\/\/www.foccusauditoria.com.br\/index.php\/wp-json\/wp\/v2\/pages\/36\/revisions"}],"predecessor-version":[{"id":128,"href":"https:\/\/www.foccusauditoria.com.br\/index.php\/wp-json\/wp\/v2\/pages\/36\/revisions\/128"}],"up":[{"embeddable":true,"href":"https:\/\/www.foccusauditoria.com.br\/index.php\/wp-json\/wp\/v2\/pages\/34"}],"wp:attachment":[{"href":"https:\/\/www.foccusauditoria.com.br\/index.php\/wp-json\/wp\/v2\/media?parent=36"}],"curies":[{"name":"wp","href":"https:\/\/api.w.org\/{rel}","templated":true}]}}