{"id":19,"date":"2019-06-26T18:08:53","date_gmt":"2019-06-26T18:08:53","guid":{"rendered":"https:\/\/www.foccusauditoria.com.br\/?page_id=19"},"modified":"2019-06-26T18:08:54","modified_gmt":"2019-06-26T18:08:54","slug":"missao","status":"publish","type":"page","link":"https:\/\/www.foccusauditoria.com.br\/index.php\/quem-somos\/missao\/","title":{"rendered":"Miss\u00e3o"},"content":{"rendered":"\n<p>Oferecer solu\u00e7\u00f5es em Sa\u00fade Suplementar, com foco em uma\nauditoria m\u00e9dica de qualidade, a partir da avalia\u00e7\u00e3o, redu\u00e7\u00e3o e adequa\u00e7\u00e3o de\ncustos, agregando os valores financeiros a excel\u00eancia dos servi\u00e7os de nossos\nclientes. <\/p>\n","protected":false},"excerpt":{"rendered":"<p>Oferecer solu\u00e7\u00f5es em Sa\u00fade Suplementar, com foco em uma auditoria m\u00e9dica de qualidade, a partir da avalia\u00e7\u00e3o, redu\u00e7\u00e3o e adequa\u00e7\u00e3o de custos, agregando os valores financeiros a excel\u00eancia dos servi\u00e7os &#8230;<\/p>\n","protected":false},"author":1,"featured_media":0,"parent":14,"menu_order":0,"comment_status":"closed","ping_status":"closed","template":"","meta":{"footnotes":""},"class_list":["post-19","page","type-page","status-publish","hentry"],"_links":{"self":[{"href":"https:\/\/www.foccusauditoria.com.br\/index.php\/wp-json\/wp\/v2\/pages\/19","targetHints":{"allow":["GET"]}}],"collection":[{"href":"https:\/\/www.foccusauditoria.com.br\/index.php\/wp-json\/wp\/v2\/pages"}],"about":[{"href":"https:\/\/www.foccusauditoria.com.br\/index.php\/wp-json\/wp\/v2\/types\/page"}],"author":[{"embeddable":true,"href":"https:\/\/www.foccusauditoria.com.br\/index.php\/wp-json\/wp\/v2\/users\/1"}],"replies":[{"embeddable":true,"href":"https:\/\/www.foccusauditoria.com.br\/index.php\/wp-json\/wp\/v2\/comments?post=19"}],"version-history":[{"count":1,"href":"https:\/\/www.foccusauditoria.com.br\/index.php\/wp-json\/wp\/v2\/pages\/19\/revisions"}],"predecessor-version":[{"id":20,"href":"https:\/\/www.foccusauditoria.com.br\/index.php\/wp-json\/wp\/v2\/pages\/19\/revisions\/20"}],"up":[{"embeddable":true,"href":"https:\/\/www.foccusauditoria.com.br\/index.php\/wp-json\/wp\/v2\/pages\/14"}],"wp:attachment":[{"href":"https:\/\/www.foccusauditoria.com.br\/index.php\/wp-json\/wp\/v2\/media?parent=19"}],"curies":[{"name":"wp","href":"https:\/\/api.w.org\/{rel}","templated":true}]}}