{"id":12,"date":"2019-06-26T18:01:51","date_gmt":"2019-06-26T18:01:51","guid":{"rendered":"https:\/\/www.foccusauditoria.com.br\/?page_id=12"},"modified":"2019-06-26T18:03:14","modified_gmt":"2019-06-26T18:03:14","slug":"empresa","status":"publish","type":"page","link":"https:\/\/www.foccusauditoria.com.br\/index.php\/quem-somos\/empresa\/","title":{"rendered":"Empresa"},"content":{"rendered":"\n<p>A <strong>Foccus <\/strong>\u00e9 uma\nempresa especializada em Auditoria M\u00e9dica e de Enfermagem, focada na\npresta\u00e7\u00e3o de servi\u00e7os na \u00e1rea de Sa\u00fade Suplementar. No campo da\nauditoria, desenvolve atividades de an\u00e1lise e verifica\u00e7\u00e3o de irregularidades no\nprontu\u00e1rio m\u00e9dico, tanto na \u00e1rea cont\u00e1bil quanto na qualidade dos servi\u00e7os &#8211;o\nque envolve avalia\u00e7\u00e3o de documentos, revis\u00e3o dos custos e do processo completo\ndo atendimento hospitalar. <\/p>\n\n\n\n<p>Criada em 2011, a empresa conquistou credibilidade junto as\nOperadoras de Planos de Sa\u00fade, gra\u00e7as a um trabalho de excel\u00eancia t\u00e9cnica,\naliado ao compromisso \u00e9tico, por meio de constantes investimentos em tecnologia\ne atualiza\u00e7\u00e3o de seus servi\u00e7os. Com capacidade de atendimento em todo o\nterrit\u00f3rio nacional, vem somando em sua carteira clientes de grande express\u00e3o\nno segmento de Sa\u00fade Suplementar em todo o Brasil.&nbsp; <\/p>\n","protected":false},"excerpt":{"rendered":"<p>A Foccus \u00e9 uma empresa especializada em Auditoria M\u00e9dica e de Enfermagem, focada na presta\u00e7\u00e3o de servi\u00e7os na \u00e1rea de Sa\u00fade Suplementar. No campo da auditoria, desenvolve atividades de an\u00e1lise &#8230;<\/p>\n","protected":false},"author":1,"featured_media":0,"parent":14,"menu_order":0,"comment_status":"closed","ping_status":"closed","template":"","meta":{"footnotes":""},"class_list":["post-12","page","type-page","status-publish","hentry"],"_links":{"self":[{"href":"https:\/\/www.foccusauditoria.com.br\/index.php\/wp-json\/wp\/v2\/pages\/12","targetHints":{"allow":["GET"]}}],"collection":[{"href":"https:\/\/www.foccusauditoria.com.br\/index.php\/wp-json\/wp\/v2\/pages"}],"about":[{"href":"https:\/\/www.foccusauditoria.com.br\/index.php\/wp-json\/wp\/v2\/types\/page"}],"author":[{"embeddable":true,"href":"https:\/\/www.foccusauditoria.com.br\/index.php\/wp-json\/wp\/v2\/users\/1"}],"replies":[{"embeddable":true,"href":"https:\/\/www.foccusauditoria.com.br\/index.php\/wp-json\/wp\/v2\/comments?post=12"}],"version-history":[{"count":1,"href":"https:\/\/www.foccusauditoria.com.br\/index.php\/wp-json\/wp\/v2\/pages\/12\/revisions"}],"predecessor-version":[{"id":13,"href":"https:\/\/www.foccusauditoria.com.br\/index.php\/wp-json\/wp\/v2\/pages\/12\/revisions\/13"}],"up":[{"embeddable":true,"href":"https:\/\/www.foccusauditoria.com.br\/index.php\/wp-json\/wp\/v2\/pages\/14"}],"wp:attachment":[{"href":"https:\/\/www.foccusauditoria.com.br\/index.php\/wp-json\/wp\/v2\/media?parent=12"}],"curies":[{"name":"wp","href":"https:\/\/api.w.org\/{rel}","templated":true}]}}